{"id":3291,"date":"2020-07-10T15:50:07","date_gmt":"2020-07-10T18:50:07","guid":{"rendered":"https:\/\/igrejacaminhodaverdade.com.br\/negrini\/?page_id=3291"},"modified":"2023-06-20T15:12:26","modified_gmt":"2023-06-20T18:12:26","slug":"contato","status":"publish","type":"page","link":"https:\/\/igrejacaminhodaverdade.com.br\/negrini\/contato\/","title":{"rendered":"Contato"},"content":{"rendered":"\t\t<div data-elementor-type=\"wp-page\" data-elementor-id=\"3291\" data-post-id=\"3291\" data-obj-id=\"3291\" class=\"elementor elementor-3291 dce-elementor-post-3291\">\n\t\t\t\t\t\t<div class=\"elementor-inner\">\n\t\t\t\t<div class=\"elementor-section-wrap\">\n\t\t\t\t\t\t\t\t\t<section class=\"elementor-section elementor-top-section elementor-element elementor-element-301dfd9 elementor-section-content-middle elementor-section-boxed elementor-section-height-default elementor-section-height-default\" data-id=\"301dfd9\" data-element_type=\"section\" data-settings=\"{&quot;background_background&quot;:&quot;classic&quot;,&quot;motion_fx_motion_fx_scrolling&quot;:&quot;yes&quot;,&quot;motion_fx_opacity_effect&quot;:&quot;yes&quot;,&quot;motion_fx_opacity_direction&quot;:&quot;in-out&quot;,&quot;motion_fx_opacity_range&quot;:{&quot;unit&quot;:&quot;%&quot;,&quot;size&quot;:&quot;&quot;,&quot;sizes&quot;:{&quot;start&quot;:75,&quot;end&quot;:90}},&quot;motion_fx_opacity_level&quot;:{&quot;unit&quot;:&quot;px&quot;,&quot;size&quot;:10,&quot;sizes&quot;:[]},&quot;motion_fx_devices&quot;:[&quot;desktop&quot;,&quot;tablet&quot;,&quot;mobile&quot;]}\">\n\t\t\t\t\t\t\t<div class=\"elementor-background-overlay\"><\/div>\n\t\t\t\t\t\t\t<div class=\"elementor-container elementor-column-gap-default\">\n\t\t\t\t\t\t\t<div class=\"elementor-row\">\n\t\t\t\t\t<div class=\"elementor-column elementor-col-100 elementor-top-column elementor-element elementor-element-e8fc7ad\" data-id=\"e8fc7ad\" data-element_type=\"column\">\n\t\t\t<div class=\"elementor-column-wrap elementor-element-populated\">\n\t\t\t\t\t\t\t<div class=\"elementor-widget-wrap\">\n\t\t\t\t\t\t\t\t<\/div>\n\t\t\t\t\t<\/div>\n\t\t<\/div>\n\t\t\t\t\t\t\t\t<\/div>\n\t\t\t\t\t<\/div>\n\t\t<\/section>\n\t\t\t\t<section class=\"elementor-section elementor-top-section elementor-element elementor-element-218731dc elementor-section-content-middle elementor-section-boxed elementor-section-height-default elementor-section-height-default\" data-id=\"218731dc\" data-element_type=\"section\" data-settings=\"{&quot;background_background&quot;:&quot;classic&quot;}\">\n\t\t\t\t\t\t\t<div class=\"elementor-background-overlay\"><\/div>\n\t\t\t\t\t\t\t<div class=\"elementor-container elementor-column-gap-no\">\n\t\t\t\t\t\t\t<div class=\"elementor-row\">\n\t\t\t\t\t<div class=\"elementor-column elementor-col-50 elementor-top-column elementor-element elementor-element-41253caf\" data-id=\"41253caf\" data-element_type=\"column\">\n\t\t\t<div class=\"elementor-column-wrap elementor-element-populated\">\n\t\t\t\t\t\t\t<div class=\"elementor-widget-wrap\">\n\t\t\t\t\t\t<div class=\"elementor-element elementor-element-400a6630 animated-slow elementor-invisible elementor-widget elementor-widget-heading\" data-id=\"400a6630\" data-element_type=\"widget\" data-settings=\"{&quot;_animation&quot;:&quot;fadeInLeft&quot;,&quot;_animation_delay&quot;:100}\" data-widget_type=\"heading.default\">\n\t\t\t\t<div class=\"elementor-widget-container\">\n\t\t\t<h2 class=\"elementor-heading-title elementor-size-default\">Visite-nos<\/h2>\t\t<\/div>\n\t\t\t\t<\/div>\n\t\t\t\t<div class=\"elementor-element elementor-element-35fc3aa8 elementor-icon-list--layout-traditional elementor-list-item-link-full_width elementor-widget elementor-widget-icon-list\" data-id=\"35fc3aa8\" data-element_type=\"widget\" data-widget_type=\"icon-list.default\">\n\t\t\t\t<div class=\"elementor-widget-container\">\n\t\t\t\t\t<ul class=\"elementor-icon-list-items\">\n\t\t\t\t\t\t\t<li class=\"elementor-icon-list-item\">\n\t\t\t\t\t\t\t\t\t\t\t<span class=\"elementor-icon-list-icon\">\n\t\t\t\t\t\t\t<i aria-hidden=\"true\" class=\"fas fa-phone-alt\"><\/i>\t\t\t\t\t\t<\/span>\n\t\t\t\t\t\t\t\t\t\t<span class=\"elementor-icon-list-text\">(17) 3231.6162 - 3231.1707<\/span>\n\t\t\t\t\t\t\t\t\t<\/li>\n\t\t\t\t\t\t\t\t<li class=\"elementor-icon-list-item\">\n\t\t\t\t\t\t\t\t\t\t\t<span class=\"elementor-icon-list-icon\">\n\t\t\t\t\t\t\t<i aria-hidden=\"true\" class=\"far fa-envelope\"><\/i>\t\t\t\t\t\t<\/span>\n\t\t\t\t\t\t\t\t\t\t<span class=\"elementor-icon-list-text\">negriniutilitarios@igrejacaminhodaverdade.com.br<\/span>\n\t\t\t\t\t\t\t\t\t<\/li>\n\t\t\t\t\t\t\t\t<li class=\"elementor-icon-list-item\">\n\t\t\t\t\t\t\t\t\t\t\t<span class=\"elementor-icon-list-icon\">\n\t\t\t\t\t\t\t<i aria-hidden=\"true\" class=\"fas fa-map-marker-alt\"><\/i>\t\t\t\t\t\t<\/span>\n\t\t\t\t\t\t\t\t\t\t<span class=\"elementor-icon-list-text\">Av. Silvio Neviani, 1119 - S\u00e3o Jos\u00e9 do Rio Preto<\/span>\n\t\t\t\t\t\t\t\t\t<\/li>\n\t\t\t\t\t\t<\/ul>\n\t\t\t\t<\/div>\n\t\t\t\t<\/div>\n\t\t\t\t<div class=\"elementor-element elementor-element-31fd9b48 elementor-widget elementor-widget-google_maps\" data-id=\"31fd9b48\" data-element_type=\"widget\" data-widget_type=\"google_maps.default\">\n\t\t\t\t<div class=\"elementor-widget-container\">\n\t\t\t\t\t<div class=\"elementor-custom-embed\">\n\t\t\t<iframe loading=\"lazy\"\n\t\t\t\t\tsrc=\"https:\/\/maps.google.com\/maps?q=Av.%20Silvio%20Neviani%2C%201119%20-%20S%C3%A3o%20Jos%C3%A9%20do%20Rio%20Preto&#038;t=m&#038;z=10&#038;output=embed&#038;iwloc=near\"\n\t\t\t\t\ttitle=\"Av. Silvio Neviani, 1119 - S\u00e3o Jos\u00e9 do Rio Preto\"\n\t\t\t\t\taria-label=\"Av. Silvio Neviani, 1119 - S\u00e3o Jos\u00e9 do Rio Preto\"\n\t\t\t><\/iframe>\n\t\t<\/div>\n\t\t\t\t<\/div>\n\t\t\t\t<\/div>\n\t\t\t\t<section class=\"elementor-section elementor-inner-section elementor-element elementor-element-dfc688f elementor-section-full_width elementor-section-height-default elementor-section-height-default\" data-id=\"dfc688f\" data-element_type=\"section\" data-settings=\"{&quot;background_background&quot;:&quot;classic&quot;}\">\n\t\t\t\t\t\t<div class=\"elementor-container elementor-column-gap-default\">\n\t\t\t\t\t\t\t<div class=\"elementor-row\">\n\t\t\t\t\t<div class=\"elementor-column elementor-col-50 elementor-inner-column elementor-element elementor-element-72c6f4b4\" data-id=\"72c6f4b4\" data-element_type=\"column\">\n\t\t\t<div class=\"elementor-column-wrap elementor-element-populated\">\n\t\t\t\t\t\t\t<div class=\"elementor-widget-wrap\">\n\t\t\t\t\t\t<div class=\"elementor-element elementor-element-41fe9fa7 elementor-widget elementor-widget-heading\" data-id=\"41fe9fa7\" data-element_type=\"widget\" data-widget_type=\"heading.default\">\n\t\t\t\t<div class=\"elementor-widget-container\">\n\t\t\t<h2 class=\"elementor-heading-title elementor-size-default\">Trabalhe conosco<\/h2>\t\t<\/div>\n\t\t\t\t<\/div>\n\t\t\t\t<div class=\"elementor-element elementor-element-3e5ca933 elementor-widget elementor-widget-text-editor\" data-id=\"3e5ca933\" data-element_type=\"widget\" data-widget_type=\"text-editor.default\">\n\t\t\t\t<div class=\"elementor-widget-container\">\n\t\t\t\t\t\t\t\t<div class=\"elementor-text-editor elementor-clearfix\">\n\t\t\t\t<p>Envie-nos seu curr\u00edculo<\/p>\t\t\t\t\t<\/div>\n\t\t\t\t\t\t<\/div>\n\t\t\t\t<\/div>\n\t\t\t\t\t\t<\/div>\n\t\t\t\t\t<\/div>\n\t\t<\/div>\n\t\t\t\t<div class=\"elementor-column elementor-col-50 elementor-inner-column elementor-element elementor-element-7cb623a3\" data-id=\"7cb623a3\" data-element_type=\"column\">\n\t\t\t<div class=\"elementor-column-wrap elementor-element-populated\">\n\t\t\t\t\t\t\t<div class=\"elementor-widget-wrap\">\n\t\t\t\t\t\t\t\t<\/div>\n\t\t\t\t\t<\/div>\n\t\t<\/div>\n\t\t\t\t\t\t\t\t<\/div>\n\t\t\t\t\t<\/div>\n\t\t<\/section>\n\t\t\t\t\t\t<\/div>\n\t\t\t\t\t<\/div>\n\t\t<\/div>\n\t\t\t\t<div class=\"elementor-column elementor-col-50 elementor-top-column elementor-element elementor-element-68f71595\" data-id=\"68f71595\" data-element_type=\"column\">\n\t\t\t<div class=\"elementor-column-wrap elementor-element-populated\">\n\t\t\t\t\t\t\t<div class=\"elementor-widget-wrap\">\n\t\t\t\t\t\t\t\t<\/div>\n\t\t\t\t\t<\/div>\n\t\t<\/div>\n\t\t\t\t\t\t\t\t<\/div>\n\t\t\t\t\t<\/div>\n\t\t<\/section>\n\t\t\t\t\t\t\t\t\t<\/div>\n\t\t\t<\/div>\n\t\t\t\t\t<\/div>\n\t\t","protected":false},"excerpt":{"rendered":"<p>Visite-nos Trabalhe conosco Envie-nos seu curr\u00edculo<\/p>\n","protected":false},"author":7,"featured_media":0,"parent":0,"menu_order":0,"comment_status":"closed","ping_status":"closed","template":"elementor_header_footer","meta":{"inline_featured_image":false},"yoast_head":"<!-- This site is optimized with the Yoast SEO plugin v20.9 - https:\/\/yoast.com\/wordpress\/plugins\/seo\/ -->\n<title>Contato - NEGRINI VE\u00cdCULOS E UTILIT\u00c1RIOS<\/title>\n<meta name=\"robots\" content=\"index, follow, max-snippet:-1, max-image-preview:large, max-video-preview:-1\" \/>\n<link rel=\"canonical\" href=\"https:\/\/igrejacaminhodaverdade.com.br\/negrini\/contato\/\" \/>\n<meta property=\"og:locale\" content=\"pt_BR\" \/>\n<meta property=\"og:type\" content=\"article\" \/>\n<meta property=\"og:title\" content=\"Contato - NEGRINI VE\u00cdCULOS E UTILIT\u00c1RIOS\" \/>\n<meta property=\"og:description\" content=\"Visite-nos Trabalhe conosco Envie-nos seu curr\u00edculo\" \/>\n<meta property=\"og:url\" content=\"https:\/\/igrejacaminhodaverdade.com.br\/negrini\/contato\/\" \/>\n<meta property=\"og:site_name\" content=\"NEGRINI VE\u00cdCULOS E UTILIT\u00c1RIOS\" \/>\n<meta property=\"article:publisher\" content=\"https:\/\/web.facebook.com\/negriniutilitarios\/\" \/>\n<meta property=\"article:modified_time\" content=\"2023-06-20T18:12:26+00:00\" \/>\n<meta property=\"og:image\" content=\"https:\/\/igrejacaminhodaverdade.com.br\/negrini\/wp-content\/uploads\/2021\/01\/logo-negrini-do-facebook.png\" \/>\n\t<meta property=\"og:image:width\" content=\"480\" \/>\n\t<meta property=\"og:image:height\" content=\"480\" \/>\n\t<meta property=\"og:image:type\" content=\"image\/png\" \/>\n<meta name=\"twitter:label1\" content=\"Est. tempo de leitura\" \/>\n\t<meta name=\"twitter:data1\" content=\"1 minuto\" \/>\n<script type=\"application\/ld+json\" class=\"yoast-schema-graph\">{\"@context\":\"https:\/\/schema.org\",\"@graph\":[{\"@type\":\"WebPage\",\"@id\":\"https:\/\/igrejacaminhodaverdade.com.br\/negrini\/contato\/\",\"url\":\"https:\/\/igrejacaminhodaverdade.com.br\/negrini\/contato\/\",\"name\":\"Contato - NEGRINI VE\u00cdCULOS E UTILIT\u00c1RIOS\",\"isPartOf\":{\"@id\":\"https:\/\/igrejacaminhodaverdade.com.br\/negrini\/#website\"},\"datePublished\":\"2020-07-10T18:50:07+00:00\",\"dateModified\":\"2023-06-20T18:12:26+00:00\",\"breadcrumb\":{\"@id\":\"https:\/\/igrejacaminhodaverdade.com.br\/negrini\/contato\/#breadcrumb\"},\"inLanguage\":\"pt-BR\",\"potentialAction\":[{\"@type\":\"ReadAction\",\"target\":[\"https:\/\/igrejacaminhodaverdade.com.br\/negrini\/contato\/\"]}]},{\"@type\":\"BreadcrumbList\",\"@id\":\"https:\/\/igrejacaminhodaverdade.com.br\/negrini\/contato\/#breadcrumb\",\"itemListElement\":[{\"@type\":\"ListItem\",\"position\":1,\"name\":\"In\u00edcio\",\"item\":\"https:\/\/igrejacaminhodaverdade.com.br\/negrini\/\"},{\"@type\":\"ListItem\",\"position\":2,\"name\":\"Contato\"}]},{\"@type\":\"WebSite\",\"@id\":\"https:\/\/igrejacaminhodaverdade.com.br\/negrini\/#website\",\"url\":\"https:\/\/igrejacaminhodaverdade.com.br\/negrini\/\",\"name\":\"NEGRINI VE\u00cdCULOS E UTILIT\u00c1RIOS\",\"description\":\"H\u00e1 23 anos atua na compra e venda de ve\u00edculos utilit\u00e1rios novos e seminovos. Foco em transporte de cargas ou pessoas, com finalidade comercial ou n\u00e3o.\",\"publisher\":{\"@id\":\"https:\/\/igrejacaminhodaverdade.com.br\/negrini\/#organization\"},\"potentialAction\":[{\"@type\":\"SearchAction\",\"target\":{\"@type\":\"EntryPoint\",\"urlTemplate\":\"https:\/\/igrejacaminhodaverdade.com.br\/negrini\/?s={search_term_string}\"},\"query-input\":\"required name=search_term_string\"}],\"inLanguage\":\"pt-BR\"},{\"@type\":\"Organization\",\"@id\":\"https:\/\/igrejacaminhodaverdade.com.br\/negrini\/#organization\",\"name\":\"Negrini Utilit\u00e1rios\",\"url\":\"https:\/\/igrejacaminhodaverdade.com.br\/negrini\/\",\"logo\":{\"@type\":\"ImageObject\",\"inLanguage\":\"pt-BR\",\"@id\":\"https:\/\/igrejacaminhodaverdade.com.br\/negrini\/#\/schema\/logo\/image\/\",\"url\":\"https:\/\/igrejacaminhodaverdade.com.br\/negrini\/wp-content\/uploads\/2021\/01\/logo-negrini-do-facebook.png\",\"contentUrl\":\"https:\/\/igrejacaminhodaverdade.com.br\/negrini\/wp-content\/uploads\/2021\/01\/logo-negrini-do-facebook.png\",\"width\":480,\"height\":480,\"caption\":\"Negrini Utilit\u00e1rios\"},\"image\":{\"@id\":\"https:\/\/igrejacaminhodaverdade.com.br\/negrini\/#\/schema\/logo\/image\/\"},\"sameAs\":[\"https:\/\/web.facebook.com\/negriniutilitarios\/\",\"https:\/\/www.instagram.com\/negriniutilitarios\/\",\"https:\/\/www.linkedin.com\/in\/negrini-utilit\u00e1rios-728115124\/\"]}]}<\/script>\n<!-- \/ Yoast SEO plugin. -->","yoast_head_json":{"title":"Contato - NEGRINI VE\u00cdCULOS E UTILIT\u00c1RIOS","robots":{"index":"index","follow":"follow","max-snippet":"max-snippet:-1","max-image-preview":"max-image-preview:large","max-video-preview":"max-video-preview:-1"},"canonical":"https:\/\/igrejacaminhodaverdade.com.br\/negrini\/contato\/","og_locale":"pt_BR","og_type":"article","og_title":"Contato - NEGRINI VE\u00cdCULOS E UTILIT\u00c1RIOS","og_description":"Visite-nos Trabalhe conosco Envie-nos seu curr\u00edculo","og_url":"https:\/\/igrejacaminhodaverdade.com.br\/negrini\/contato\/","og_site_name":"NEGRINI VE\u00cdCULOS E UTILIT\u00c1RIOS","article_publisher":"https:\/\/web.facebook.com\/negriniutilitarios\/","article_modified_time":"2023-06-20T18:12:26+00:00","og_image":[{"width":480,"height":480,"url":"https:\/\/igrejacaminhodaverdade.com.br\/negrini\/wp-content\/uploads\/2021\/01\/logo-negrini-do-facebook.png","type":"image\/png"}],"twitter_misc":{"Est. tempo de leitura":"1 minuto"},"schema":{"@context":"https:\/\/schema.org","@graph":[{"@type":"WebPage","@id":"https:\/\/igrejacaminhodaverdade.com.br\/negrini\/contato\/","url":"https:\/\/igrejacaminhodaverdade.com.br\/negrini\/contato\/","name":"Contato - NEGRINI VE\u00cdCULOS E UTILIT\u00c1RIOS","isPartOf":{"@id":"https:\/\/igrejacaminhodaverdade.com.br\/negrini\/#website"},"datePublished":"2020-07-10T18:50:07+00:00","dateModified":"2023-06-20T18:12:26+00:00","breadcrumb":{"@id":"https:\/\/igrejacaminhodaverdade.com.br\/negrini\/contato\/#breadcrumb"},"inLanguage":"pt-BR","potentialAction":[{"@type":"ReadAction","target":["https:\/\/igrejacaminhodaverdade.com.br\/negrini\/contato\/"]}]},{"@type":"BreadcrumbList","@id":"https:\/\/igrejacaminhodaverdade.com.br\/negrini\/contato\/#breadcrumb","itemListElement":[{"@type":"ListItem","position":1,"name":"In\u00edcio","item":"https:\/\/igrejacaminhodaverdade.com.br\/negrini\/"},{"@type":"ListItem","position":2,"name":"Contato"}]},{"@type":"WebSite","@id":"https:\/\/igrejacaminhodaverdade.com.br\/negrini\/#website","url":"https:\/\/igrejacaminhodaverdade.com.br\/negrini\/","name":"NEGRINI VE\u00cdCULOS E UTILIT\u00c1RIOS","description":"H\u00e1 23 anos atua na compra e venda de ve\u00edculos utilit\u00e1rios novos e seminovos. Foco em transporte de cargas ou pessoas, com finalidade comercial ou n\u00e3o.","publisher":{"@id":"https:\/\/igrejacaminhodaverdade.com.br\/negrini\/#organization"},"potentialAction":[{"@type":"SearchAction","target":{"@type":"EntryPoint","urlTemplate":"https:\/\/igrejacaminhodaverdade.com.br\/negrini\/?s={search_term_string}"},"query-input":"required name=search_term_string"}],"inLanguage":"pt-BR"},{"@type":"Organization","@id":"https:\/\/igrejacaminhodaverdade.com.br\/negrini\/#organization","name":"Negrini Utilit\u00e1rios","url":"https:\/\/igrejacaminhodaverdade.com.br\/negrini\/","logo":{"@type":"ImageObject","inLanguage":"pt-BR","@id":"https:\/\/igrejacaminhodaverdade.com.br\/negrini\/#\/schema\/logo\/image\/","url":"https:\/\/igrejacaminhodaverdade.com.br\/negrini\/wp-content\/uploads\/2021\/01\/logo-negrini-do-facebook.png","contentUrl":"https:\/\/igrejacaminhodaverdade.com.br\/negrini\/wp-content\/uploads\/2021\/01\/logo-negrini-do-facebook.png","width":480,"height":480,"caption":"Negrini Utilit\u00e1rios"},"image":{"@id":"https:\/\/igrejacaminhodaverdade.com.br\/negrini\/#\/schema\/logo\/image\/"},"sameAs":["https:\/\/web.facebook.com\/negriniutilitarios\/","https:\/\/www.instagram.com\/negriniutilitarios\/","https:\/\/www.linkedin.com\/in\/negrini-utilit\u00e1rios-728115124\/"]}]}},"_links":{"self":[{"href":"https:\/\/igrejacaminhodaverdade.com.br\/negrini\/wp-json\/wp\/v2\/pages\/3291"}],"collection":[{"href":"https:\/\/igrejacaminhodaverdade.com.br\/negrini\/wp-json\/wp\/v2\/pages"}],"about":[{"href":"https:\/\/igrejacaminhodaverdade.com.br\/negrini\/wp-json\/wp\/v2\/types\/page"}],"author":[{"embeddable":true,"href":"https:\/\/igrejacaminhodaverdade.com.br\/negrini\/wp-json\/wp\/v2\/users\/7"}],"replies":[{"embeddable":true,"href":"https:\/\/igrejacaminhodaverdade.com.br\/negrini\/wp-json\/wp\/v2\/comments?post=3291"}],"version-history":[{"count":6,"href":"https:\/\/igrejacaminhodaverdade.com.br\/negrini\/wp-json\/wp\/v2\/pages\/3291\/revisions"}],"predecessor-version":[{"id":13019,"href":"https:\/\/igrejacaminhodaverdade.com.br\/negrini\/wp-json\/wp\/v2\/pages\/3291\/revisions\/13019"}],"wp:attachment":[{"href":"https:\/\/igrejacaminhodaverdade.com.br\/negrini\/wp-json\/wp\/v2\/media?parent=3291"}],"curies":[{"name":"wp","href":"https:\/\/api.w.org\/{rel}","templated":true}]}}